{"id":10,"date":"2023-11-09T09:00:45","date_gmt":"2023-11-09T08:00:45","guid":{"rendered":"https:\/\/karalisconsulting.aptivanet.net\/?page_id=10"},"modified":"2025-10-09T11:38:34","modified_gmt":"2025-10-09T09:38:34","slug":"chi-siamo","status":"publish","type":"page","link":"https:\/\/karalisconsulting.aptivanet.net\/en\/chi-siamo\/","title":{"rendered":"Company"},"content":{"rendered":"<div class=\"wp-block-group alignfull has-global-padding is-layout-constrained wp-container-core-group-is-layout-d0ca1c1d wp-block-group-is-layout-constrained\" style=\"margin-top:0;margin-bottom:0;padding-top:var(--wp--preset--spacing--50);padding-bottom:var(--wp--preset--spacing--50)\">\n<div class=\"wp-block-columns alignwide is-layout-flex wp-container-core-columns-is-layout-f1004b9a wp-block-columns-is-layout-flex\">\n<div class=\"wp-block-column is-vertically-aligned-center is-layout-flow wp-block-column-is-layout-flow\">\n<h2 class=\"wp-block-heading has-xx-large-font-size\">I nostri servizi<\/h2>\n\n\n\n<p>La natura dei servizi offerti riguarda le seguenti macrocategorie:<\/p>\n\n\n\n<ul style=\"margin-top:var(--wp--preset--spacing--40);margin-bottom:var(--wp--preset--spacing--40);padding-left:var(--wp--preset--spacing--30)\" class=\"wp-block-list is-style-checkmark-list\">\n<li class=\"has-medium-font-size\">Sicurezza e salute nei luoghi di lavoro<\/li>\n\n\n\n<li class=\"has-medium-font-size\">Ambiente<\/li>\n\n\n\n<li class=\"has-medium-font-size\">Standard internazionali (ISO 9001 \/ ISO 14001 \/ ISO 45001:2018).<\/li>\n\n\n\n<li>Modelli di Organizzazione, Gestione e Controllo secondo il D.lgs. 231\/01.<\/li>\n<\/ul>\n\n\n\n<p>La Societ\u00e0 nasce nel marzo del 2016 ed \u00e8 formata da un pool di professionisti con esperienza ultraventennale ed affermati nel campo della consulenza direzionale alle aziende.<\/p>\n\n\n\n<div class=\"wp-block-buttons is-content-justification-left is-nowrap is-layout-flex wp-container-core-buttons-is-layout-92e17da2 wp-block-buttons-is-layout-flex\">\n<div class=\"wp-block-button is-style-fill\"><a class=\"wp-block-button__link wp-element-button\" href=\"https:\/\/karalisconsulting.aptivanet.net\/en\/servizi\/\" style=\"border-radius:5px\">Servizi<\/a><\/div>\n\n\n\n<div class=\"wp-block-button is-style-outline is-style-outline--1\"><a class=\"wp-block-button__link wp-element-button\" href=\"https:\/\/karalisconsulting.aptivanet.net\/en\/contatti\/\" style=\"border-radius:5px\">Contattaci<\/a><\/div>\n<\/div>\n<\/div>\n\n\n\n<div class=\"wp-block-column is-vertically-aligned-center is-layout-flow wp-block-column-is-layout-flow\">\n<figure class=\"wp-block-image size-full has-custom-border is-style-default\"><img loading=\"lazy\" decoding=\"async\" width=\"1000\" height=\"682\" src=\"https:\/\/karalisconsulting.aptivanet.net\/wp-content\/uploads\/2025\/10\/StockSnap_CZVXLM4SH2.webp\" alt=\"\" class=\"wp-image-559\" style=\"border-radius:11px\" srcset=\"https:\/\/karalisconsulting.aptivanet.net\/wp-content\/uploads\/2025\/10\/StockSnap_CZVXLM4SH2.webp 1000w, https:\/\/karalisconsulting.aptivanet.net\/wp-content\/uploads\/2025\/10\/StockSnap_CZVXLM4SH2-300x205.webp 300w, https:\/\/karalisconsulting.aptivanet.net\/wp-content\/uploads\/2025\/10\/StockSnap_CZVXLM4SH2-768x524.webp 768w, https:\/\/karalisconsulting.aptivanet.net\/wp-content\/uploads\/2025\/10\/StockSnap_CZVXLM4SH2-18x12.webp 18w\" sizes=\"auto, (max-width: 1000px) 100vw, 1000px\" \/><\/figure>\n<\/div>\n<\/div>\n<\/div>\n\n\n\n<div class=\"wp-block-group alignfull has-global-padding is-layout-constrained wp-block-group-is-layout-constrained\" style=\"margin-top:var(--wp--preset--spacing--30);margin-bottom:var(--wp--preset--spacing--30)\">\n<div class=\"wp-block-columns alignwide is-layout-flex wp-container-core-columns-is-layout-3663d17b wp-block-columns-is-layout-flex\">\n<div class=\"wp-block-column is-layout-flow wp-block-column-is-layout-flow\">\n<h2 class=\"wp-block-heading\">Approccio metodologico delle societ\u00e0 di consulenza internazionali<\/h2>\n<\/div>\n\n\n\n<div class=\"wp-block-column is-layout-flow wp-block-column-is-layout-flow\">\n<p>Karalis Consulting utilizza l\u2019approccio metodologico delle societ\u00e0 di consulenza internazionali ed \u00e8 in grado di fornire alle aziende la pi\u00f9 alta qualit\u00e0 del servizio, mantenendo i costi a livelli sostenibili.<\/p>\n\n\n\n<p>L\u2019approccio consulenziale si basa sull\u2019ascolto ed individuazione delle esigenze del cliente, la proposta delle soluzioni e l\u2019efficace implementazione delle stesse.<\/p>\n\n\n\n<p>Professionalit\u00e0, tempestivit\u00e0 di intervento, flessibilit\u00e0 sulla base delle esigenze del cliente, puntualit\u00e0 nell\u2019esecuzione del lavoro e la proposta delle migliori soluzioni da adattare ad ogni specifica realt\u00e0 sono i nostri punti di forza.<\/p>\n\n\n\n<p>La Societ\u00e0 svolge le proprie attivit\u00e0 prevalentemente per grandi e medie aziende ma con un\u2019apertura anche verso le piccole realt\u00e0 aziendali, con progetti su misura con alti rapporti benefici\/costi.<\/p>\n\n\n\n<p>Karalis Consulting ha adottato un <a href=\"https:\/\/karalisconsulting.aptivanet.net\/wp-content\/uploads\/2025\/10\/CODICE-ETICO.pdf\" data-type=\"attachment\" data-id=\"555\">codice Etico<\/a> allineato nei contenuti ai valori richiamati dalla legislazione applicabile in materia, nonch\u00e9 all\u2019attenzione nel trattamento dei dati riservati della clientela<\/p>\n\n\n\n<ul class=\"wp-block-list is-style-tw-arrow\">\n<li><a href=\"https:\/\/karalisconsulting.aptivanet.net\/wp-content\/uploads\/2025\/10\/CODICE-ETICO.pdf\" data-type=\"attachment\" data-id=\"555\">Codice etico<\/a><\/li>\n<\/ul>\n<\/div>\n<\/div>\n<\/div>","protected":false},"excerpt":{"rendered":"<p>I nostri servizi La natura dei servizi offerti riguarda le seguenti macrocategorie: La Societ\u00e0 nasce nel marzo del 2016 ed \u00e8 formata da un pool di professionisti con esperienza ultraventennale ed affermati nel campo della consulenza direzionale alle aziende. Approccio metodologico delle societ\u00e0 di consulenza internazionali Karalis Consulting utilizza l\u2019approccio metodologico delle societ\u00e0 di consulenza [&hellip;]<\/p>\n","protected":false},"author":1,"featured_media":112,"parent":0,"menu_order":0,"comment_status":"closed","ping_status":"closed","template":"page-no-title","meta":{"_acf_changed":false,"footnotes":""},"class_list":["post-10","page","type-page","status-publish","has-post-thumbnail","hentry"],"mb":[],"acf":[],"mfb_rest_fields":["title"],"_links":{"self":[{"href":"https:\/\/karalisconsulting.aptivanet.net\/en\/wp-json\/wp\/v2\/pages\/10","targetHints":{"allow":["GET"]}}],"collection":[{"href":"https:\/\/karalisconsulting.aptivanet.net\/en\/wp-json\/wp\/v2\/pages"}],"about":[{"href":"https:\/\/karalisconsulting.aptivanet.net\/en\/wp-json\/wp\/v2\/types\/page"}],"author":[{"embeddable":true,"href":"https:\/\/karalisconsulting.aptivanet.net\/en\/wp-json\/wp\/v2\/users\/1"}],"replies":[{"embeddable":true,"href":"https:\/\/karalisconsulting.aptivanet.net\/en\/wp-json\/wp\/v2\/comments?post=10"}],"version-history":[{"count":27,"href":"https:\/\/karalisconsulting.aptivanet.net\/en\/wp-json\/wp\/v2\/pages\/10\/revisions"}],"predecessor-version":[{"id":778,"href":"https:\/\/karalisconsulting.aptivanet.net\/en\/wp-json\/wp\/v2\/pages\/10\/revisions\/778"}],"wp:featuredmedia":[{"embeddable":true,"href":"https:\/\/karalisconsulting.aptivanet.net\/en\/wp-json\/wp\/v2\/media\/112"}],"wp:attachment":[{"href":"https:\/\/karalisconsulting.aptivanet.net\/en\/wp-json\/wp\/v2\/media?parent=10"}],"curies":[{"name":"wp","href":"https:\/\/api.w.org\/{rel}","templated":true}]}}