{"id":16,"date":"2023-11-09T09:10:35","date_gmt":"2023-11-09T08:10:35","guid":{"rendered":"https:\/\/karalisconsulting.aptivanet.net\/?page_id=16"},"modified":"2025-09-28T12:25:49","modified_gmt":"2025-09-28T10:25:49","slug":"home-page","status":"publish","type":"page","link":"https:\/\/karalisconsulting.aptivanet.net\/en\/","title":{"rendered":"Karalis Consulting"},"content":{"rendered":"<div class=\"wp-block-group alignfull has-global-padding is-layout-constrained wp-block-group-is-layout-constrained\" style=\"margin-top:var(--wp--preset--spacing--30);margin-bottom:var(--wp--preset--spacing--30)\">\n<div class=\"wp-block-columns alignwide is-layout-flex wp-container-core-columns-is-layout-3663d17b wp-block-columns-is-layout-flex\">\n<div class=\"wp-block-column is-layout-flow wp-block-column-is-layout-flow\">\n<h2 class=\"wp-block-heading\">Approccio metodologico delle societ\u00e0 di consulenza internazionali<\/h2>\n<\/div>\n\n\n\n<div class=\"wp-block-column is-layout-flow wp-block-column-is-layout-flow\">\n<p>Karalis Consulting utilizza l\u2019approccio metodologico delle societ\u00e0 di consulenza internazionali ed \u00e8 in grado di fornire alle aziende la pi\u00f9 alta qualit\u00e0 del servizio, mantenendo i costi a livelli sostenibili.<\/p>\n\n\n\n<p>L\u2019approccio consulenziale si basa sull\u2019ascolto ed individuazione delle esigenze del cliente, la proposta delle soluzioni e l\u2019efficace implementazione delle stesse.<\/p>\n\n\n\n<p>Professionalit\u00e0, tempestivit\u00e0 di intervento, flessibilit\u00e0 sulla base delle esigenze del cliente, puntualit\u00e0 nell\u2019esecuzione del lavoro e la proposta delle migliori soluzioni da adattare ad ogni specifica realt\u00e0 sono i nostri punti di forza.<\/p>\n\n\n\n<p>La Societ\u00e0 svolge le proprie attivit\u00e0 prevalentemente per grandi e medie aziende ma con un\u2019apertura anche verso le piccole realt\u00e0 aziendali, con progetti su misura con alti rapporti benefici\/costi.<\/p>\n\n\n\n<p>Karalis Consulting ha adottato un codice Etico allineato nei contenuti ai valori richiamati dalla legislazione applicabile in materia, nonch\u00e9 all\u2019attenzione nel trattamento dei dati riservati della clientela (INSERIRE LINK AL CODICE ETICO)<\/p>\n<\/div>\n<\/div>\n<\/div>\n\n\n\n<div class=\"wp-block-group alignfull has-global-padding is-layout-constrained wp-block-group-is-layout-constrained\" style=\"padding-top:var(--wp--preset--spacing--20);padding-bottom:var(--wp--preset--spacing--20)\">\n<h2 class=\"wp-block-heading alignwide\">Servizi<\/h2>\n\n\n\n<div class=\"wp-block-columns alignwide is-layout-flex wp-container-core-columns-is-layout-dc9fa993 wp-block-columns-is-layout-flex\" style=\"margin-top:var(--wp--preset--spacing--40);margin-bottom:var(--wp--preset--spacing--40)\">\n<div class=\"wp-block-column is-layout-flow wp-block-column-is-layout-flow\">\n<div class=\"wp-block-cover has-custom-content-position is-position-bottom-left tw-stretched-link tw-hover-zoom has-aspect-ratio\" style=\"border-radius:16px;padding-top:var(--wp--preset--spacing--40);padding-right:var(--wp--preset--spacing--40);padding-bottom:var(--wp--preset--spacing--40);padding-left:var(--wp--preset--spacing--40);aspect-ratio:1;min-height:unset;\"><img loading=\"lazy\" decoding=\"async\" width=\"1024\" height=\"683\" sizes=\"auto, (max-width: 799px) 125vw, (max-width: 2071px) 100vw, 2071px\" class=\"wp-block-cover__image-background wp-image-180 size-large\" alt=\"\" src=\"https:\/\/karalisconsulting.aptivanet.net\/wp-content\/uploads\/2023\/11\/premium_photo-1663088428713-4a14600e57a4-1024x683.jpg\" data-object-fit=\"cover\" srcset=\"https:\/\/karalisconsulting.aptivanet.net\/wp-content\/uploads\/2023\/11\/premium_photo-1663088428713-4a14600e57a4-1024x683.jpg 1024w, https:\/\/karalisconsulting.aptivanet.net\/wp-content\/uploads\/2023\/11\/premium_photo-1663088428713-4a14600e57a4-300x200.jpg 300w, https:\/\/karalisconsulting.aptivanet.net\/wp-content\/uploads\/2023\/11\/premium_photo-1663088428713-4a14600e57a4-768x512.jpg 768w, https:\/\/karalisconsulting.aptivanet.net\/wp-content\/uploads\/2023\/11\/premium_photo-1663088428713-4a14600e57a4-1536x1024.jpg 1536w, https:\/\/karalisconsulting.aptivanet.net\/wp-content\/uploads\/2023\/11\/premium_photo-1663088428713-4a14600e57a4-2048x1366.jpg 2048w\" \/><span aria-hidden=\"true\" class=\"wp-block-cover__background has-background-dim-100 has-background-dim wp-block-cover__gradient-background has-background-gradient\" style=\"background:linear-gradient(0deg,rgba(0,0,0,0.8) 0%,rgba(0,0,0,0) 80%)\"><\/span><div class=\"wp-block-cover__inner-container is-layout-flow wp-block-cover-is-layout-flow\">\n<h2 class=\"wp-block-heading tw-link-no-underline\" style=\"font-size:clamp(1.092rem, 1.092rem + ((1vw - 0.2rem) * 1.076), 1.7rem);\"><strong>Salute e sicurezza sul lavoro<\/strong><\/h2>\n\n\n\n<h2 class=\"wp-block-heading tw-link-no-underline has-medium-font-size\">Consulenza in materia di salute e sicurezza del lavoro<\/h2>\n\n\n\n<div class=\"wp-block-buttons is-layout-flex wp-block-buttons-is-layout-flex\">\n<div class=\"wp-block-button is-style-outline is-style-outline--1\"><a class=\"wp-block-button__link wp-element-button\" href=\"https:\/\/karalisconsulting.aptivanet.net\/en\/consulenza\/salute-e-sicurezza-sul-lavoro\/\">Scopri di pi\u00f9<\/a><\/div>\n<\/div>\n<\/div><\/div>\n<\/div>\n\n\n\n<div class=\"wp-block-column is-layout-flow wp-block-column-is-layout-flow\">\n<div class=\"wp-block-cover has-custom-content-position is-position-bottom-left tw-stretched-link tw-hover-zoom has-aspect-ratio\" style=\"border-radius:16px;padding-top:var(--wp--preset--spacing--40);padding-right:var(--wp--preset--spacing--40);padding-bottom:var(--wp--preset--spacing--40);padding-left:var(--wp--preset--spacing--40);aspect-ratio:1;min-height:unset;\"><img loading=\"lazy\" decoding=\"async\" width=\"640\" height=\"480\" sizes=\"auto, (max-width: 799px) 125vw, (max-width: 640px) 100vw, 640px\" class=\"wp-block-cover__image-background wp-image-24 size-full\" alt=\"\" src=\"https:\/\/karalisconsulting.aptivanet.net\/wp-content\/uploads\/2023\/11\/iStock_000013456300Medium1_640x480.jpg\" data-object-fit=\"cover\" srcset=\"https:\/\/karalisconsulting.aptivanet.net\/wp-content\/uploads\/2023\/11\/iStock_000013456300Medium1_640x480.jpg 640w, https:\/\/karalisconsulting.aptivanet.net\/wp-content\/uploads\/2023\/11\/iStock_000013456300Medium1_640x480-300x225.jpg 300w\" \/><span aria-hidden=\"true\" class=\"wp-block-cover__background has-background-dim-100 has-background-dim wp-block-cover__gradient-background has-background-gradient\" style=\"background:linear-gradient(0deg,rgba(0,0,0,0.8) 0%,rgba(0,0,0,0) 80%)\"><\/span><div class=\"wp-block-cover__inner-container is-layout-flow wp-block-cover-is-layout-flow\">\n<h2 class=\"wp-block-heading tw-link-no-underline\" style=\"font-size:clamp(1.092rem, 1.092rem + ((1vw - 0.2rem) * 1.076), 1.7rem);\"><strong>Gestione ambientale<\/strong><\/h2>\n\n\n\n<h2 class=\"wp-block-heading tw-link-no-underline has-medium-font-size\">Consulenza in materia di gestione ambientale<\/h2>\n\n\n\n<div class=\"wp-block-buttons is-layout-flex wp-block-buttons-is-layout-flex\">\n<div class=\"wp-block-button is-style-outline is-style-outline--2\"><a class=\"wp-block-button__link wp-element-button\" href=\"https:\/\/karalisconsulting.aptivanet.net\/en\/consulenza\/gestione-ambientale\/\">Scopri di pi\u00f9<\/a><\/div>\n<\/div>\n<\/div><\/div>\n<\/div>\n\n\n\n<div class=\"wp-block-column is-layout-flow wp-block-column-is-layout-flow\">\n<div class=\"wp-block-cover has-custom-content-position is-position-bottom-left tw-stretched-link tw-hover-zoom has-aspect-ratio\" style=\"border-radius:16px;padding-top:var(--wp--preset--spacing--40);padding-right:var(--wp--preset--spacing--40);padding-bottom:var(--wp--preset--spacing--40);padding-left:var(--wp--preset--spacing--40);aspect-ratio:1;min-height:unset;\"><img loading=\"lazy\" decoding=\"async\" width=\"1920\" height=\"1282\" sizes=\"auto, (max-width: 799px) 125vw, (max-width: 1920px) 100vw, 1920px\" class=\"wp-block-cover__image-background wp-image-123 size-full\" alt=\"\" src=\"https:\/\/karalisconsulting.aptivanet.net\/wp-content\/uploads\/2023\/11\/business-1920x1080-17.jpg\" data-object-fit=\"cover\" srcset=\"https:\/\/karalisconsulting.aptivanet.net\/wp-content\/uploads\/2023\/11\/business-1920x1080-17.jpg 1920w, https:\/\/karalisconsulting.aptivanet.net\/wp-content\/uploads\/2023\/11\/business-1920x1080-17-300x200.jpg 300w, https:\/\/karalisconsulting.aptivanet.net\/wp-content\/uploads\/2023\/11\/business-1920x1080-17-1024x684.jpg 1024w, https:\/\/karalisconsulting.aptivanet.net\/wp-content\/uploads\/2023\/11\/business-1920x1080-17-768x513.jpg 768w, https:\/\/karalisconsulting.aptivanet.net\/wp-content\/uploads\/2023\/11\/business-1920x1080-17-1536x1026.jpg 1536w\" \/><span aria-hidden=\"true\" class=\"wp-block-cover__background has-background-dim-90 has-background-dim wp-block-cover__gradient-background has-background-gradient\" style=\"background:linear-gradient(0deg,rgba(0,0,0,0.8) 0%,rgba(0,0,0,0) 80%)\"><\/span><div class=\"wp-block-cover__inner-container is-layout-flow wp-block-cover-is-layout-flow\">\n<h2 class=\"wp-block-heading tw-link-no-underline\" style=\"font-size:clamp(1.092rem, 1.092rem + ((1vw - 0.2rem) * 1.076), 1.7rem);\"><strong> Standard internazionali<\/strong><\/h2>\n\n\n\n<h2 class=\"wp-block-heading tw-link-no-underline has-medium-font-size\">In materia di qualit\u00e0, salute e sicurezza nei luoghi di lavoro<\/h2>\n\n\n\n<div class=\"wp-block-buttons is-layout-flex wp-block-buttons-is-layout-flex\">\n<div class=\"wp-block-button is-style-outline is-style-outline--3\"><a class=\"wp-block-button__link wp-element-button\" href=\"https:\/\/karalisconsulting.aptivanet.net\/en\/consulenza\/standard-internazionali\/\">Scopri di pi\u00f9<\/a><\/div>\n<\/div>\n<\/div><\/div>\n<\/div>\n<\/div>\n<\/div>","protected":false},"excerpt":{"rendered":"<p>Approccio metodologico delle societ\u00e0 di consulenza internazionali Karalis Consulting utilizza l\u2019approccio metodologico delle societ\u00e0 di consulenza internazionali ed \u00e8 in grado di fornire alle aziende la pi\u00f9 alta qualit\u00e0 del servizio, mantenendo i costi a livelli sostenibili. L\u2019approccio consulenziale si basa sull\u2019ascolto ed individuazione delle esigenze del cliente, la proposta delle soluzioni e l\u2019efficace implementazione [&hellip;]<\/p>\n","protected":false},"author":1,"featured_media":0,"parent":0,"menu_order":0,"comment_status":"closed","ping_status":"closed","template":"page-no-title","meta":{"_acf_changed":false,"footnotes":""},"class_list":["post-16","page","type-page","status-publish","hentry"],"mb":[],"acf":[],"mfb_rest_fields":["title"],"_links":{"self":[{"href":"https:\/\/karalisconsulting.aptivanet.net\/en\/wp-json\/wp\/v2\/pages\/16","targetHints":{"allow":["GET"]}}],"collection":[{"href":"https:\/\/karalisconsulting.aptivanet.net\/en\/wp-json\/wp\/v2\/pages"}],"about":[{"href":"https:\/\/karalisconsulting.aptivanet.net\/en\/wp-json\/wp\/v2\/types\/page"}],"author":[{"embeddable":true,"href":"https:\/\/karalisconsulting.aptivanet.net\/en\/wp-json\/wp\/v2\/users\/1"}],"replies":[{"embeddable":true,"href":"https:\/\/karalisconsulting.aptivanet.net\/en\/wp-json\/wp\/v2\/comments?post=16"}],"version-history":[{"count":28,"href":"https:\/\/karalisconsulting.aptivanet.net\/en\/wp-json\/wp\/v2\/pages\/16\/revisions"}],"predecessor-version":[{"id":535,"href":"https:\/\/karalisconsulting.aptivanet.net\/en\/wp-json\/wp\/v2\/pages\/16\/revisions\/535"}],"wp:attachment":[{"href":"https:\/\/karalisconsulting.aptivanet.net\/en\/wp-json\/wp\/v2\/media?parent=16"}],"curies":[{"name":"wp","href":"https:\/\/api.w.org\/{rel}","templated":true}]}}