{"id":527,"date":"2025-09-28T12:13:19","date_gmt":"2025-09-28T10:13:19","guid":{"rendered":"https:\/\/karalisconsulting.aptivanet.net\/?page_id=527"},"modified":"2026-04-18T19:29:21","modified_gmt":"2026-04-18T17:29:21","slug":"partnership","status":"publish","type":"page","link":"https:\/\/karalisconsulting.aptivanet.net\/en\/partnership\/","title":{"rendered":"Partnership"},"content":{"rendered":"<div class=\"wp-block-group alignfull has-global-padding is-layout-constrained wp-block-group-is-layout-constrained\">\n<div class=\"wp-block-group alignwide has-global-padding is-layout-constrained wp-container-core-group-is-layout-ea8482c2 wp-block-group-is-layout-constrained\" style=\"padding-top:var(--wp--preset--spacing--30);padding-right:0;padding-bottom:var(--wp--preset--spacing--30);padding-left:0\">\n<div class=\"wp-block-columns alignwide are-vertically-aligned-center is-layout-flex wp-container-core-columns-is-layout-e2c3cc00 wp-block-columns-is-layout-flex\">\n<div class=\"wp-block-column is-vertically-aligned-center is-layout-flow wp-block-column-is-layout-flow\" style=\"flex-basis:50%\">\n<h2 class=\"wp-block-heading\">Partnership<\/h2>\n\n\n\n<p class=\"is-style-checkmark-list\" style=\"line-height:1.75\">Per attivit\u00e0 specifiche quali ad esempio:<\/p>\n\n\n\n<ul class=\"wp-block-list is-style-checkmark-list\">\n<li>redazione di documenti cogenti per la sicurezza<\/li>\n\n\n\n<li>pratiche antincendio<\/li>\n\n\n\n<li>pratiche per autorizzazioni ambientali<\/li>\n\n\n\n<li>analisi chimiche ambientali (agenti chimici, analisi rifiuti)<\/li>\n<\/ul>\n\n\n\n<p>Karalis Consulting pu\u00f2 avvalersi di partner di consolidata esperienza ed affidabilit\u00e0 da indicare ai propri clienti, anche attraverso la stipula di contratti diretti.<\/p>\n\n\n\n<p class=\"is-style-checkmark-list\" style=\"line-height:1.75\">Come i consulenti Karalis, le societ\u00e0 partner possono operare su tutto il territorio italiano.<\/p>\n\n\n\n<div class=\"wp-block-buttons is-layout-flex wp-block-buttons-is-layout-flex\">\n<div class=\"wp-block-button\"><a class=\"wp-block-button__link has-custom-color-1-background-color has-background wp-element-button\" href=\"\/en\/contatti\/\" style=\"border-radius:5px\">Contattaci<\/a><\/div>\n\n\n\n<div class=\"wp-block-button is-style-outline is-style-outline--1\"><a class=\"wp-block-button__link wp-element-button\" href=\"\/en\/servizi\/\" style=\"border-radius:5px\">SERVIZI<\/a><\/div>\n<\/div>\n<\/div>\n\n\n\n<div class=\"wp-block-column is-vertically-aligned-center is-layout-flow wp-block-column-is-layout-flow\" style=\"flex-basis:50%\">\n<figure class=\"wp-block-image size-full has-custom-border is-style-default\"><img loading=\"lazy\" decoding=\"async\" width=\"1920\" height=\"1282\" src=\"https:\/\/karalisconsulting.aptivanet.net\/wp-content\/uploads\/2023\/11\/business-1920x1080-19.jpg\" alt=\"\" class=\"wp-image-125\" style=\"border-radius:11px;aspect-ratio:4\/3;object-fit:cover\" srcset=\"https:\/\/karalisconsulting.aptivanet.net\/wp-content\/uploads\/2023\/11\/business-1920x1080-19.jpg 1920w, https:\/\/karalisconsulting.aptivanet.net\/wp-content\/uploads\/2023\/11\/business-1920x1080-19-300x200.jpg 300w, https:\/\/karalisconsulting.aptivanet.net\/wp-content\/uploads\/2023\/11\/business-1920x1080-19-1024x684.jpg 1024w, https:\/\/karalisconsulting.aptivanet.net\/wp-content\/uploads\/2023\/11\/business-1920x1080-19-768x513.jpg 768w, https:\/\/karalisconsulting.aptivanet.net\/wp-content\/uploads\/2023\/11\/business-1920x1080-19-1536x1026.jpg 1536w\" sizes=\"auto, (max-width: 1920px) 100vw, 1920px\" \/><\/figure>\n<\/div>\n<\/div>\n<\/div>\n<\/div>","protected":false},"excerpt":{"rendered":"<p>Partnership Per attivit\u00e0 specifiche quali ad esempio: Karalis Consulting pu\u00f2 avvalersi di partner di consolidata esperienza ed affidabilit\u00e0 da indicare ai propri clienti, anche attraverso la stipula di contratti diretti. Come i consulenti Karalis, le societ\u00e0 partner possono operare su tutto il territorio italiano.<\/p>","protected":false},"author":1,"featured_media":130,"parent":0,"menu_order":0,"comment_status":"closed","ping_status":"closed","template":"page-no-title","meta":{"_acf_changed":false,"footnotes":""},"class_list":["post-527","page","type-page","status-publish","has-post-thumbnail","hentry"],"mb":[],"acf":[],"mfb_rest_fields":["title"],"_links":{"self":[{"href":"https:\/\/karalisconsulting.aptivanet.net\/en\/wp-json\/wp\/v2\/pages\/527","targetHints":{"allow":["GET"]}}],"collection":[{"href":"https:\/\/karalisconsulting.aptivanet.net\/en\/wp-json\/wp\/v2\/pages"}],"about":[{"href":"https:\/\/karalisconsulting.aptivanet.net\/en\/wp-json\/wp\/v2\/types\/page"}],"author":[{"embeddable":true,"href":"https:\/\/karalisconsulting.aptivanet.net\/en\/wp-json\/wp\/v2\/users\/1"}],"replies":[{"embeddable":true,"href":"https:\/\/karalisconsulting.aptivanet.net\/en\/wp-json\/wp\/v2\/comments?post=527"}],"version-history":[{"count":10,"href":"https:\/\/karalisconsulting.aptivanet.net\/en\/wp-json\/wp\/v2\/pages\/527\/revisions"}],"predecessor-version":[{"id":759,"href":"https:\/\/karalisconsulting.aptivanet.net\/en\/wp-json\/wp\/v2\/pages\/527\/revisions\/759"}],"wp:featuredmedia":[{"embeddable":true,"href":"https:\/\/karalisconsulting.aptivanet.net\/en\/wp-json\/wp\/v2\/media\/130"}],"wp:attachment":[{"href":"https:\/\/karalisconsulting.aptivanet.net\/en\/wp-json\/wp\/v2\/media?parent=527"}],"curies":[{"name":"wp","href":"https:\/\/api.w.org\/{rel}","templated":true}]}}