{"id":76,"date":"2023-11-09T11:08:06","date_gmt":"2023-11-09T10:08:06","guid":{"rendered":"https:\/\/karalisconsulting.aptivanet.net\/?page_id=76"},"modified":"2025-10-09T11:14:25","modified_gmt":"2025-10-09T09:14:25","slug":"standard-internazionali","status":"publish","type":"page","link":"https:\/\/karalisconsulting.aptivanet.net\/en\/servizi\/standard-internazionali\/","title":{"rendered":"Standard internazionali"},"content":{"rendered":"<div class=\"wp-block-group alignwide has-global-padding is-layout-constrained wp-container-core-group-is-layout-ea8482c2 wp-block-group-is-layout-constrained\" style=\"padding-top:var(--wp--preset--spacing--30);padding-right:0;padding-bottom:var(--wp--preset--spacing--30);padding-left:0\">\n<div class=\"wp-block-columns alignwide are-vertically-aligned-center is-layout-flex wp-container-core-columns-is-layout-e2c3cc00 wp-block-columns-is-layout-flex\">\n<div class=\"wp-block-column is-vertically-aligned-center is-layout-flow wp-block-column-is-layout-flow\" style=\"flex-basis:50%\">\n<h2 class=\"wp-block-heading\">Karalis Consulting: soluzioni per certificazioni di qualit\u00e0, ambiente e sicurezza sul lavoro<\/h2>\n\n\n\n<p>L\u2019ottenimento di certificazioni di conformit\u00e0 agli standard internazionali di lavoro in qualit\u00e0 e di gestione ambientale e di sicurezza sul lavoro consentono alle aziende maggiore visibilit\u00e0 nel mercato, maggiore gestione dei rischi e riduzione dei costi connessi ad infortuni ed inquinamenti ambientali.<\/p>\n\n\n\n<p>In tale contesto Karalis Consulting propone alla propria clientela un insieme di servizi di assistenza qualificata suddivisi per aree tematiche. Il conseguimento delle attestazione di conformit\u00e0 ai requisiti previsti dagli standard internazionali di riferimento avviene grazie all\u2019implementazione di specifici sistemi di gestione che richiedono l\u2019attuazione di specifici interventi dedicati facenti parte della gamma dei servizi di seguito indicati.<\/p>\n\n\n\n<p>Karalis Consulting offre anche servizi alle aziende che gi\u00e0 possiedono una certificazione, in corso di validit\u00e0, di conformit\u00e0 agli standard internazionali per il mantenimento e miglioramento della loro attuale gestione.<\/p>\n\n\n\n<div class=\"wp-block-buttons is-layout-flex wp-block-buttons-is-layout-flex\">\n<div class=\"wp-block-button is-style-fill\"><a class=\"wp-block-button__link has-custom-aa-0000-background-color has-background wp-element-button\" href=\"https:\/\/karalisconsulting.aptivanet.net\/en\/contatti\/\">Contattaci<\/a><\/div>\n\n\n\n<div class=\"wp-block-button is-style-outline is-style-outline--1\"><a class=\"wp-block-button__link wp-element-button\" href=\"\/en\/servizi\/\">SCOPRI ALTRI SERVIZI<\/a><\/div>\n<\/div>\n<\/div>\n\n\n\n<div class=\"wp-block-column is-vertically-aligned-center is-layout-flow wp-block-column-is-layout-flow\" style=\"flex-basis:50%\">\n<figure class=\"wp-block-image size-full has-custom-border is-style-default\"><img loading=\"lazy\" decoding=\"async\" width=\"1920\" height=\"1280\" src=\"https:\/\/karalisconsulting.aptivanet.net\/wp-content\/uploads\/2023\/11\/business-1920x1080-6.jpg\" alt=\"\" class=\"wp-image-112\" style=\"border-radius:11px;aspect-ratio:4\/3;object-fit:cover\" srcset=\"https:\/\/karalisconsulting.aptivanet.net\/wp-content\/uploads\/2023\/11\/business-1920x1080-6.jpg 1920w, https:\/\/karalisconsulting.aptivanet.net\/wp-content\/uploads\/2023\/11\/business-1920x1080-6-300x200.jpg 300w, https:\/\/karalisconsulting.aptivanet.net\/wp-content\/uploads\/2023\/11\/business-1920x1080-6-1024x683.jpg 1024w, https:\/\/karalisconsulting.aptivanet.net\/wp-content\/uploads\/2023\/11\/business-1920x1080-6-768x512.jpg 768w, https:\/\/karalisconsulting.aptivanet.net\/wp-content\/uploads\/2023\/11\/business-1920x1080-6-1536x1024.jpg 1536w\" sizes=\"auto, (max-width: 1920px) 100vw, 1920px\" \/><\/figure>\n<\/div>\n<\/div>\n<\/div>\n\n\n\n<div class=\"wp-block-group alignfull has-global-padding is-layout-constrained wp-block-group-is-layout-constrained\" style=\"padding-top:var(--wp--preset--spacing--20);padding-bottom:var(--wp--preset--spacing--20)\">\n<div class=\"wp-block-columns alignwide is-layout-flex wp-container-core-columns-is-layout-1573b975 wp-block-columns-is-layout-flex\" style=\"margin-top:var(--wp--preset--spacing--60);margin-bottom:var(--wp--preset--spacing--60)\">\n<div class=\"wp-block-column is-layout-flow wp-block-column-is-layout-flow\">\n<div class=\"wp-block-cover has-custom-content-position is-position-bottom-left tw-stretched-link tw-hover-zoom has-aspect-ratio\" style=\"border-radius:16px;padding-top:var(--wp--preset--spacing--40);padding-right:var(--wp--preset--spacing--40);padding-bottom:var(--wp--preset--spacing--40);padding-left:var(--wp--preset--spacing--40);aspect-ratio:1;min-height:unset;\"><img loading=\"lazy\" decoding=\"async\" width=\"1024\" height=\"576\" sizes=\"auto, (max-width: 799px) 125vw, (max-width: 1920px) 100vw, 1920px\" class=\"wp-block-cover__image-background wp-image-119 size-large\" alt=\"\" src=\"https:\/\/karalisconsulting.aptivanet.net\/wp-content\/uploads\/2023\/11\/business-1920x1080-13-1024x576.jpg\" data-object-fit=\"cover\" srcset=\"https:\/\/karalisconsulting.aptivanet.net\/wp-content\/uploads\/2023\/11\/business-1920x1080-13-1024x576.jpg 1024w, https:\/\/karalisconsulting.aptivanet.net\/wp-content\/uploads\/2023\/11\/business-1920x1080-13-300x169.jpg 300w, https:\/\/karalisconsulting.aptivanet.net\/wp-content\/uploads\/2023\/11\/business-1920x1080-13-768x432.jpg 768w, https:\/\/karalisconsulting.aptivanet.net\/wp-content\/uploads\/2023\/11\/business-1920x1080-13-1536x864.jpg 1536w, https:\/\/karalisconsulting.aptivanet.net\/wp-content\/uploads\/2023\/11\/business-1920x1080-13.jpg 1920w\" \/><span aria-hidden=\"true\" class=\"wp-block-cover__background has-background-dim-90 has-background-dim wp-block-cover__gradient-background has-background-gradient\" style=\"background:linear-gradient(0deg,rgba(0,0,0,0.8) 0%,rgba(0,0,0,0) 80%)\"><\/span><div class=\"wp-block-cover__inner-container is-layout-flow wp-block-cover-is-layout-flow\">\n<h2 class=\"wp-block-heading tw-link-no-underline has-large-font-size\">Qualit\u00e0<\/h2>\n\n\n\n<h2 class=\"wp-block-heading tw-link-no-underline\" style=\"font-size:clamp(1.092rem, 1.092rem + ((1vw - 0.2rem) * 1.076), 1.7rem);\"><strong>NORMA ISO 9001:2015<\/strong><\/h2>\n\n\n\n<div class=\"wp-block-buttons is-layout-flex wp-block-buttons-is-layout-flex\">\n<div class=\"wp-block-button is-style-outline is-style-outline--2\"><a class=\"wp-block-button__link wp-element-button\" href=\"https:\/\/karalisconsulting.aptivanet.net\/en\/consulenza\/standard-internazionali\/norma-iso-90012015\/\">Scopri di pi\u00f9<\/a><\/div>\n<\/div>\n<\/div><\/div>\n<\/div>\n\n\n\n<div class=\"wp-block-column is-layout-flow wp-block-column-is-layout-flow\">\n<div class=\"wp-block-cover has-custom-content-position is-position-bottom-left tw-stretched-link tw-hover-zoom has-aspect-ratio\" style=\"border-radius:16px;padding-top:var(--wp--preset--spacing--40);padding-right:var(--wp--preset--spacing--40);padding-bottom:var(--wp--preset--spacing--40);padding-left:var(--wp--preset--spacing--40);aspect-ratio:1;min-height:unset;\"><img loading=\"lazy\" decoding=\"async\" width=\"1024\" height=\"682\" sizes=\"auto, (max-width: 799px) 125vw, (max-width: 1060px) 100vw, 1060px\" class=\"wp-block-cover__image-background wp-image-182 size-large\" alt=\"\" src=\"https:\/\/karalisconsulting.aptivanet.net\/wp-content\/uploads\/2023\/11\/medium-shot-man-posing-with-crossed-arms_23-2148921404-1024x682.jpg\" data-object-fit=\"cover\" srcset=\"https:\/\/karalisconsulting.aptivanet.net\/wp-content\/uploads\/2023\/11\/medium-shot-man-posing-with-crossed-arms_23-2148921404-1024x682.jpg 1024w, https:\/\/karalisconsulting.aptivanet.net\/wp-content\/uploads\/2023\/11\/medium-shot-man-posing-with-crossed-arms_23-2148921404-300x200.jpg 300w, https:\/\/karalisconsulting.aptivanet.net\/wp-content\/uploads\/2023\/11\/medium-shot-man-posing-with-crossed-arms_23-2148921404-768x512.jpg 768w, https:\/\/karalisconsulting.aptivanet.net\/wp-content\/uploads\/2023\/11\/medium-shot-man-posing-with-crossed-arms_23-2148921404.jpg 1060w\" \/><span aria-hidden=\"true\" class=\"wp-block-cover__background has-background-dim-90 has-background-dim wp-block-cover__gradient-background has-background-gradient\" style=\"background:linear-gradient(0deg,rgba(0,0,0,0.8) 0%,rgba(0,0,0,0) 80%)\"><\/span><div class=\"wp-block-cover__inner-container is-layout-flow wp-block-cover-is-layout-flow\">\n<h2 class=\"wp-block-heading tw-link-no-underline has-large-font-size\">Salute e sicurezza sul lavoro <\/h2>\n\n\n\n<h2 class=\"wp-block-heading tw-link-no-underline\" style=\"font-size:clamp(1.092rem, 1.092rem + ((1vw - 0.2rem) * 1.076), 1.7rem);\"><strong>NORMA ISO 45001:2018<\/strong><\/h2>\n\n\n\n<div class=\"wp-block-buttons is-layout-flex wp-block-buttons-is-layout-flex\">\n<div class=\"wp-block-button is-style-outline is-style-outline--3\"><a class=\"wp-block-button__link wp-element-button\" href=\"https:\/\/karalisconsulting.aptivanet.net\/en\/servizi\/standard-internazionali\/norma-iso-450012018\/\">Scopri di pi\u00f9<\/a><\/div>\n<\/div>\n<\/div><\/div>\n<\/div>\n\n\n\n<div class=\"wp-block-column is-layout-flow wp-block-column-is-layout-flow\">\n<div class=\"wp-block-cover has-custom-content-position is-position-bottom-left tw-stretched-link tw-hover-zoom has-aspect-ratio\" style=\"border-radius:16px;padding-top:var(--wp--preset--spacing--40);padding-right:var(--wp--preset--spacing--40);padding-bottom:var(--wp--preset--spacing--40);padding-left:var(--wp--preset--spacing--40);aspect-ratio:1;min-height:unset;\"><img loading=\"lazy\" decoding=\"async\" width=\"640\" height=\"480\" sizes=\"auto, (max-width: 799px) 125vw, (max-width: 640px) 100vw, 640px\" class=\"wp-block-cover__image-background wp-image-24 size-full\" alt=\"\" src=\"https:\/\/karalisconsulting.aptivanet.net\/wp-content\/uploads\/2023\/11\/iStock_000013456300Medium1_640x480.jpg\" data-object-fit=\"cover\" srcset=\"https:\/\/karalisconsulting.aptivanet.net\/wp-content\/uploads\/2023\/11\/iStock_000013456300Medium1_640x480.jpg 640w, https:\/\/karalisconsulting.aptivanet.net\/wp-content\/uploads\/2023\/11\/iStock_000013456300Medium1_640x480-300x225.jpg 300w\" \/><span aria-hidden=\"true\" class=\"wp-block-cover__background has-background-dim-90 has-background-dim wp-block-cover__gradient-background has-background-gradient\" style=\"background:linear-gradient(0deg,rgba(0,0,0,0.8) 0%,rgba(0,0,0,0) 80%)\"><\/span><div class=\"wp-block-cover__inner-container is-layout-flow wp-block-cover-is-layout-flow\">\n<h2 class=\"wp-block-heading tw-link-no-underline has-large-font-size\">Ambiente<\/h2>\n\n\n\n<h2 class=\"wp-block-heading tw-link-no-underline\" style=\"font-size:clamp(1.092rem, 1.092rem + ((1vw - 0.2rem) * 1.076), 1.7rem);\"><strong> NORMA ISO 14001:2015<\/strong><\/h2>\n\n\n\n<div class=\"wp-block-buttons is-layout-flex wp-block-buttons-is-layout-flex\">\n<div class=\"wp-block-button is-style-outline is-style-outline--4\"><a class=\"wp-block-button__link wp-element-button\" href=\"https:\/\/karalisconsulting.aptivanet.net\/en\/consulenza\/standard-internazionali\/norma-iso-140012015\/\">Scopri di pi\u00f9<\/a><\/div>\n<\/div>\n<\/div><\/div>\n<\/div>\n<\/div>\n<\/div>","protected":false},"excerpt":{"rendered":"<p>Karalis Consulting: soluzioni per certificazioni di qualit\u00e0, ambiente e sicurezza sul lavoro L\u2019ottenimento di certificazioni di conformit\u00e0 agli standard internazionali di lavoro in qualit\u00e0 e di gestione ambientale e di sicurezza sul lavoro consentono alle aziende maggiore visibilit\u00e0 nel mercato, maggiore gestione dei rischi e riduzione dei costi connessi ad infortuni ed inquinamenti ambientali. In [&hellip;]<\/p>\n","protected":false},"author":1,"featured_media":137,"parent":290,"menu_order":0,"comment_status":"closed","ping_status":"closed","template":"page-no-title","meta":{"_acf_changed":false,"footnotes":""},"class_list":["post-76","page","type-page","status-publish","has-post-thumbnail","hentry"],"mb":[],"acf":[],"mfb_rest_fields":["title"],"_links":{"self":[{"href":"https:\/\/karalisconsulting.aptivanet.net\/en\/wp-json\/wp\/v2\/pages\/76","targetHints":{"allow":["GET"]}}],"collection":[{"href":"https:\/\/karalisconsulting.aptivanet.net\/en\/wp-json\/wp\/v2\/pages"}],"about":[{"href":"https:\/\/karalisconsulting.aptivanet.net\/en\/wp-json\/wp\/v2\/types\/page"}],"author":[{"embeddable":true,"href":"https:\/\/karalisconsulting.aptivanet.net\/en\/wp-json\/wp\/v2\/users\/1"}],"replies":[{"embeddable":true,"href":"https:\/\/karalisconsulting.aptivanet.net\/en\/wp-json\/wp\/v2\/comments?post=76"}],"version-history":[{"count":37,"href":"https:\/\/karalisconsulting.aptivanet.net\/en\/wp-json\/wp\/v2\/pages\/76\/revisions"}],"predecessor-version":[{"id":771,"href":"https:\/\/karalisconsulting.aptivanet.net\/en\/wp-json\/wp\/v2\/pages\/76\/revisions\/771"}],"up":[{"embeddable":true,"href":"https:\/\/karalisconsulting.aptivanet.net\/en\/wp-json\/wp\/v2\/pages\/290"}],"wp:featuredmedia":[{"embeddable":true,"href":"https:\/\/karalisconsulting.aptivanet.net\/en\/wp-json\/wp\/v2\/media\/137"}],"wp:attachment":[{"href":"https:\/\/karalisconsulting.aptivanet.net\/en\/wp-json\/wp\/v2\/media?parent=76"}],"curies":[{"name":"wp","href":"https:\/\/api.w.org\/{rel}","templated":true}]}}